{"id":5365,"date":"2024-06-05T13:05:39","date_gmt":"2024-06-05T12:05:39","guid":{"rendered":"https:\/\/limpo-ks.com\/product\/shishe-wieberr-500ml\/"},"modified":"2026-01-07T12:20:29","modified_gmt":"2026-01-07T11:20:29","slug":"shishe-wieberr-500ml","status":"publish","type":"product","link":"https:\/\/limpo-ks.com\/en\/product\/shishe-wieberr-500ml\/","title":{"rendered":"SHISHE WIEBERR 500ML"},"content":{"rendered":"<p>Shishet tona me sprej jan\u00eb t\u00eb dizajnuara p\u00ebr t\u00eb p\u00ebrballuar detyrat e p\u00ebrditshme t\u00eb pastrimit dhe m\u00eb shum\u00eb, duke i b\u00ebr\u00eb ato ideale p\u00ebr pun\u00ebt e sht\u00ebpis\u00eb, kopshtarin\u00eb dhe p\u00ebrdorimin e leht\u00eb komercial. K\u00ebto shishe nuk jan\u00eb t\u00eb p\u00ebrshtatshme p\u00ebr kimikate t\u00eb forta, por jan\u00eb perfekte p\u00ebr:<\/p>\n<p>Zgjidhje pastrimi t\u00eb b\u00ebra n\u00eb sht\u00ebpi,<br \/>\nUj\u00eb p\u00ebr sp\u00ebrkatjen e bim\u00ebve,<br \/>\nDezinfektues t\u00eb but\u00eb,<br \/>\nFreskues p\u00eblhure,<br \/>\nPastrues dritaresh.<\/p>\n<p>&nbsp;<\/p>\n<p>11597<\/p>\n","protected":false},"excerpt":{"rendered":"<p>Shishet tona me sprej jan\u00eb t\u00eb dizajnuara p\u00ebr t\u00eb p\u00ebrballuar detyrat e p\u00ebrditshme t\u00eb pastrimit dhe m\u00eb shum\u00eb, duke i b\u00ebr\u00eb ato ideale p\u00ebr pun\u00ebt e sht\u00ebpis\u00eb, kopshtarin\u00eb dhe p\u00ebrdorimin e leht\u00eb komercial. K\u00ebto shishe nuk jan\u00eb t\u00eb p\u00ebrshtatshme p\u00ebr kimikate t\u00eb forta, por jan\u00eb perfekte p\u00ebr: Zgjidhje pastrimi t\u00eb b\u00ebra n\u00eb sht\u00ebpi, Uj\u00eb p\u00ebr [&hellip;]<\/p>\n","protected":false},"featured_media":4356,"template":"","meta":{"_acf_changed":false,"inline_featured_image":false},"product_cat":[609],"product_tag":[],"class_list":{"0":"post-5365","1":"product","2":"type-product","3":"status-publish","4":"has-post-thumbnail","6":"product_cat-uncategorized-2","8":"first","9":"instock","10":"shipping-taxable","11":"purchasable","12":"product-type-simple","13":"add-to-wishlist-after_add_to_cart"},"acf":[],"yoast_head":"<!-- This site is optimized with the Yoast SEO plugin v23.7 - https:\/\/yoast.com\/wordpress\/plugins\/seo\/ -->\n<title>SHISHE WIEBERR 500ML - Limpo<\/title>\n<meta name=\"robots\" content=\"index, follow, max-snippet:-1, max-image-preview:large, max-video-preview:-1\" \/>\n<link rel=\"canonical\" href=\"https:\/\/limpo-ks.com\/en\/product\/shishe-wieberr-500ml\/\" \/>\n<meta property=\"og:locale\" content=\"en_US\" \/>\n<meta property=\"og:type\" content=\"article\" \/>\n<meta property=\"og:title\" content=\"SHISHE WIEBERR 500ML - Limpo\" \/>\n<meta property=\"og:description\" content=\"Shishet tona me sprej jan\u00eb t\u00eb dizajnuara p\u00ebr t\u00eb p\u00ebrballuar detyrat e p\u00ebrditshme t\u00eb pastrimit dhe m\u00eb shum\u00eb, duke i b\u00ebr\u00eb ato ideale p\u00ebr pun\u00ebt e sht\u00ebpis\u00eb, kopshtarin\u00eb dhe p\u00ebrdorimin e leht\u00eb komercial. K\u00ebto shishe nuk jan\u00eb t\u00eb p\u00ebrshtatshme p\u00ebr kimikate t\u00eb forta, por jan\u00eb perfekte p\u00ebr: Zgjidhje pastrimi t\u00eb b\u00ebra n\u00eb sht\u00ebpi, Uj\u00eb p\u00ebr [&hellip;]\" \/>\n<meta property=\"og:url\" content=\"https:\/\/limpo-ks.com\/en\/product\/shishe-wieberr-500ml\/\" \/>\n<meta property=\"og:site_name\" content=\"Limpo\" \/>\n<meta property=\"article:modified_time\" content=\"2026-01-07T11:20:29+00:00\" \/>\n<meta property=\"og:image\" content=\"https:\/\/limpo-ks.com\/wp-content\/uploads\/2024\/06\/wieberr-png.png\" \/>\n\t<meta property=\"og:image:width\" content=\"1692\" \/>\n\t<meta property=\"og:image:height\" content=\"1956\" \/>\n\t<meta property=\"og:image:type\" content=\"image\/png\" \/>\n<meta name=\"twitter:card\" content=\"summary_large_image\" \/>\n<meta name=\"twitter:label1\" content=\"Est. reading time\" \/>\n\t<meta name=\"twitter:data1\" content=\"1 minute\" \/>\n<script type=\"application\/ld+json\" class=\"yoast-schema-graph\">{\"@context\":\"https:\/\/schema.org\",\"@graph\":[{\"@type\":\"WebPage\",\"@id\":\"https:\/\/limpo-ks.com\/en\/product\/shishe-wieberr-500ml\/\",\"url\":\"https:\/\/limpo-ks.com\/en\/product\/shishe-wieberr-500ml\/\",\"name\":\"SHISHE WIEBERR 500ML - Limpo\",\"isPartOf\":{\"@id\":\"https:\/\/limpo-ks.com\/en\/#website\"},\"primaryImageOfPage\":{\"@id\":\"https:\/\/limpo-ks.com\/en\/product\/shishe-wieberr-500ml\/#primaryimage\"},\"image\":{\"@id\":\"https:\/\/limpo-ks.com\/en\/product\/shishe-wieberr-500ml\/#primaryimage\"},\"thumbnailUrl\":\"https:\/\/limpo-ks.com\/wp-content\/uploads\/2024\/06\/wieberr-png.png\",\"datePublished\":\"2024-06-05T12:05:39+00:00\",\"dateModified\":\"2026-01-07T11:20:29+00:00\",\"breadcrumb\":{\"@id\":\"https:\/\/limpo-ks.com\/en\/product\/shishe-wieberr-500ml\/#breadcrumb\"},\"inLanguage\":\"en-US\",\"potentialAction\":[{\"@type\":\"ReadAction\",\"target\":[\"https:\/\/limpo-ks.com\/en\/product\/shishe-wieberr-500ml\/\"]}]},{\"@type\":\"ImageObject\",\"inLanguage\":\"en-US\",\"@id\":\"https:\/\/limpo-ks.com\/en\/product\/shishe-wieberr-500ml\/#primaryimage\",\"url\":\"https:\/\/limpo-ks.com\/wp-content\/uploads\/2024\/06\/wieberr-png.png\",\"contentUrl\":\"https:\/\/limpo-ks.com\/wp-content\/uploads\/2024\/06\/wieberr-png.png\",\"width\":1692,\"height\":1956},{\"@type\":\"BreadcrumbList\",\"@id\":\"https:\/\/limpo-ks.com\/en\/product\/shishe-wieberr-500ml\/#breadcrumb\",\"itemListElement\":[{\"@type\":\"ListItem\",\"position\":1,\"name\":\"Shop\",\"item\":\"https:\/\/limpo-ks.com\/en\/shop\/\"},{\"@type\":\"ListItem\",\"position\":2,\"name\":\"SHISHE WIEBERR 500ML\"}]},{\"@type\":\"WebSite\",\"@id\":\"https:\/\/limpo-ks.com\/en\/#website\",\"url\":\"https:\/\/limpo-ks.com\/en\/\",\"name\":\"Limpo\",\"description\":\"\",\"potentialAction\":[{\"@type\":\"SearchAction\",\"target\":{\"@type\":\"EntryPoint\",\"urlTemplate\":\"https:\/\/limpo-ks.com\/en\/?s={search_term_string}\"},\"query-input\":{\"@type\":\"PropertyValueSpecification\",\"valueRequired\":true,\"valueName\":\"search_term_string\"}}],\"inLanguage\":\"en-US\"}]}<\/script>\n<!-- \/ Yoast SEO plugin. -->","yoast_head_json":{"title":"SHISHE WIEBERR 500ML - Limpo","robots":{"index":"index","follow":"follow","max-snippet":"max-snippet:-1","max-image-preview":"max-image-preview:large","max-video-preview":"max-video-preview:-1"},"canonical":"https:\/\/limpo-ks.com\/en\/product\/shishe-wieberr-500ml\/","og_locale":"en_US","og_type":"article","og_title":"SHISHE WIEBERR 500ML - Limpo","og_description":"Shishet tona me sprej jan\u00eb t\u00eb dizajnuara p\u00ebr t\u00eb p\u00ebrballuar detyrat e p\u00ebrditshme t\u00eb pastrimit dhe m\u00eb shum\u00eb, duke i b\u00ebr\u00eb ato ideale p\u00ebr pun\u00ebt e sht\u00ebpis\u00eb, kopshtarin\u00eb dhe p\u00ebrdorimin e leht\u00eb komercial. K\u00ebto shishe nuk jan\u00eb t\u00eb p\u00ebrshtatshme p\u00ebr kimikate t\u00eb forta, por jan\u00eb perfekte p\u00ebr: Zgjidhje pastrimi t\u00eb b\u00ebra n\u00eb sht\u00ebpi, Uj\u00eb p\u00ebr [&hellip;]","og_url":"https:\/\/limpo-ks.com\/en\/product\/shishe-wieberr-500ml\/","og_site_name":"Limpo","article_modified_time":"2026-01-07T11:20:29+00:00","og_image":[{"width":1692,"height":1956,"url":"https:\/\/limpo-ks.com\/wp-content\/uploads\/2024\/06\/wieberr-png.png","type":"image\/png"}],"twitter_card":"summary_large_image","twitter_misc":{"Est. reading time":"1 minute"},"schema":{"@context":"https:\/\/schema.org","@graph":[{"@type":"WebPage","@id":"https:\/\/limpo-ks.com\/en\/product\/shishe-wieberr-500ml\/","url":"https:\/\/limpo-ks.com\/en\/product\/shishe-wieberr-500ml\/","name":"SHISHE WIEBERR 500ML - Limpo","isPartOf":{"@id":"https:\/\/limpo-ks.com\/en\/#website"},"primaryImageOfPage":{"@id":"https:\/\/limpo-ks.com\/en\/product\/shishe-wieberr-500ml\/#primaryimage"},"image":{"@id":"https:\/\/limpo-ks.com\/en\/product\/shishe-wieberr-500ml\/#primaryimage"},"thumbnailUrl":"https:\/\/limpo-ks.com\/wp-content\/uploads\/2024\/06\/wieberr-png.png","datePublished":"2024-06-05T12:05:39+00:00","dateModified":"2026-01-07T11:20:29+00:00","breadcrumb":{"@id":"https:\/\/limpo-ks.com\/en\/product\/shishe-wieberr-500ml\/#breadcrumb"},"inLanguage":"en-US","potentialAction":[{"@type":"ReadAction","target":["https:\/\/limpo-ks.com\/en\/product\/shishe-wieberr-500ml\/"]}]},{"@type":"ImageObject","inLanguage":"en-US","@id":"https:\/\/limpo-ks.com\/en\/product\/shishe-wieberr-500ml\/#primaryimage","url":"https:\/\/limpo-ks.com\/wp-content\/uploads\/2024\/06\/wieberr-png.png","contentUrl":"https:\/\/limpo-ks.com\/wp-content\/uploads\/2024\/06\/wieberr-png.png","width":1692,"height":1956},{"@type":"BreadcrumbList","@id":"https:\/\/limpo-ks.com\/en\/product\/shishe-wieberr-500ml\/#breadcrumb","itemListElement":[{"@type":"ListItem","position":1,"name":"Shop","item":"https:\/\/limpo-ks.com\/en\/shop\/"},{"@type":"ListItem","position":2,"name":"SHISHE WIEBERR 500ML"}]},{"@type":"WebSite","@id":"https:\/\/limpo-ks.com\/en\/#website","url":"https:\/\/limpo-ks.com\/en\/","name":"Limpo","description":"","potentialAction":[{"@type":"SearchAction","target":{"@type":"EntryPoint","urlTemplate":"https:\/\/limpo-ks.com\/en\/?s={search_term_string}"},"query-input":{"@type":"PropertyValueSpecification","valueRequired":true,"valueName":"search_term_string"}}],"inLanguage":"en-US"}]}},"_links":{"self":[{"href":"https:\/\/limpo-ks.com\/en\/wp-json\/wp\/v2\/product\/5365","targetHints":{"allow":["GET"]}}],"collection":[{"href":"https:\/\/limpo-ks.com\/en\/wp-json\/wp\/v2\/product"}],"about":[{"href":"https:\/\/limpo-ks.com\/en\/wp-json\/wp\/v2\/types\/product"}],"wp:featuredmedia":[{"embeddable":true,"href":"https:\/\/limpo-ks.com\/en\/wp-json\/wp\/v2\/media\/4356"}],"wp:attachment":[{"href":"https:\/\/limpo-ks.com\/en\/wp-json\/wp\/v2\/media?parent=5365"}],"wp:term":[{"taxonomy":"product_cat","embeddable":true,"href":"https:\/\/limpo-ks.com\/en\/wp-json\/wp\/v2\/product_cat?post=5365"},{"taxonomy":"product_tag","embeddable":true,"href":"https:\/\/limpo-ks.com\/en\/wp-json\/wp\/v2\/product_tag?post=5365"}],"curies":[{"name":"wp","href":"https:\/\/api.w.org\/{rel}","templated":true}]}}