{"id":5344,"date":"2024-06-04T09:32:04","date_gmt":"2024-06-04T08:32:04","guid":{"rendered":"https:\/\/limpo-ks.com\/product\/zbardhues-2\/"},"modified":"2025-11-13T18:24:16","modified_gmt":"2025-11-13T18:24:16","slug":"zbardhues-2","status":"publish","type":"product","link":"https:\/\/limpo-ks.com\/en\/product\/zbardhues-2\/","title":{"rendered":"BLEACH"},"content":{"rendered":"<p><strong>P\u00ebrdorimi:<\/strong> Aplikoni n\u00eb sip\u00ebrfaqe q\u00eb t\u00eb vrisni mikroorganizmat\/bakteriet. Pritni p\u00ebr 5 minuta. P\u00ebrb\u00ebrja efektive parandalon mbeturinat dhe ndotjet n\u00eb sip\u00ebrfaqe, duke siguruar nj\u00eb pastrim t\u00eb shk\u00eblqyesh\u00ebm. Aplikoni n\u00eb lavaman, banjo dhe tualet pasi t\u00eb keni pritur p\u00ebr 5 minuta, pastaj pastroni me nj\u00eb fur\u00e7\u00eb.<br \/>\nMund t\u00eb p\u00ebrdoret gjithashtu p\u00ebr t\u00eb zb\u00ebrthyer rrudhat dhe vjollcat nga pjes\u00ebt tekstilet.\u200b<br \/>\nAplikojeni n\u00eb vendin e ndotur 1 min prisni dhe m\u00eb pas f\u00ebrkojeni me nj\u00eb brush\u00eb t\u00eb but\u00eb adekuate, ose leck\u00eb microfiber.\u200b<br \/>\nMos e p\u00ebrdor n\u00eb mbrend\u00ebsi t\u00eb vetur\u00ebs.\u200b<br \/>\n<strong>Kujdes:<\/strong> Ju lutemi p\u00ebrmbajuni k\u00ebshillave t\u00eb p\u00ebrdorimit\u200b.<br \/>\nNuk p\u00ebrbihet, d\u00ebmton, acaron dhe djeg l\u00ebkuren, d\u00ebmton syrin. \u200b<br \/>\nMbani larg femij\u00ebve.\u200b<br \/>\nN\u00eb rast kontakti me syrin shperlajeni me uj\u00eb dhe merrni ndihm\u00ebn e mjekut tuaj.\u200b<br \/>\nP\u00ebrdorni syze dhe mask\u00eb gjat\u00eb p\u00ebrdorimit.\u200b<br \/>\nN\u00eb rast t\u00eb g\u00eblltitjes s\u00eb produktit menjeher\u00eb merrni ndihm\u00ebn e mjekut (informojeni se cili \u00ebsht\u00eb produkti). \u200b<br \/>\n<strong>Paketim i ricikluesh\u00ebm \u200b<\/strong><br \/>\n<strong>P\u00ebrb\u00ebresit:<\/strong> Hipoklorit natriumi 30-45%.<\/p>\n<p>&nbsp;<\/p>\n<p>11699<\/p>\n","protected":false},"excerpt":{"rendered":"<p>P\u00ebrdorimi: Aplikoni n\u00eb sip\u00ebrfaqe q\u00eb t\u00eb vrisni mikroorganizmat\/bakteriet. Pritni p\u00ebr 5 minuta. P\u00ebrb\u00ebrja efektive parandalon mbeturinat dhe ndotjet n\u00eb sip\u00ebrfaqe, duke siguruar nj\u00eb pastrim t\u00eb shk\u00eblqyesh\u00ebm. Aplikoni n\u00eb lavaman, banjo dhe tualet pasi t\u00eb keni pritur p\u00ebr 5 minuta, pastaj pastroni me nj\u00eb fur\u00e7\u00eb. Mund t\u00eb p\u00ebrdoret gjithashtu p\u00ebr t\u00eb zb\u00ebrthyer rrudhat dhe vjollcat nga [&hellip;]<\/p>\n","protected":false},"featured_media":4369,"template":"","meta":{"_acf_changed":false,"inline_featured_image":false},"product_cat":[609],"product_tag":[],"class_list":{"0":"post-5344","1":"product","2":"type-product","3":"status-publish","4":"has-post-thumbnail","6":"product_cat-uncategorized-2","8":"first","9":"instock","10":"sale","11":"shipping-taxable","12":"purchasable","13":"product-type-simple","14":"add-to-wishlist-after_add_to_cart"},"acf":[],"yoast_head":"<!-- This site is optimized with the Yoast SEO plugin v23.7 - https:\/\/yoast.com\/wordpress\/plugins\/seo\/ -->\n<title>BLEACH - Limpo<\/title>\n<meta name=\"robots\" content=\"index, follow, max-snippet:-1, max-image-preview:large, max-video-preview:-1\" \/>\n<link rel=\"canonical\" href=\"https:\/\/limpo-ks.com\/en\/product\/zbardhues-2\/\" \/>\n<meta property=\"og:locale\" content=\"en_US\" \/>\n<meta property=\"og:type\" content=\"article\" \/>\n<meta property=\"og:title\" content=\"BLEACH - Limpo\" \/>\n<meta property=\"og:description\" content=\"P\u00ebrdorimi: Aplikoni n\u00eb sip\u00ebrfaqe q\u00eb t\u00eb vrisni mikroorganizmat\/bakteriet. Pritni p\u00ebr 5 minuta. P\u00ebrb\u00ebrja efektive parandalon mbeturinat dhe ndotjet n\u00eb sip\u00ebrfaqe, duke siguruar nj\u00eb pastrim t\u00eb shk\u00eblqyesh\u00ebm. Aplikoni n\u00eb lavaman, banjo dhe tualet pasi t\u00eb keni pritur p\u00ebr 5 minuta, pastaj pastroni me nj\u00eb fur\u00e7\u00eb. Mund t\u00eb p\u00ebrdoret gjithashtu p\u00ebr t\u00eb zb\u00ebrthyer rrudhat dhe vjollcat nga [&hellip;]\" \/>\n<meta property=\"og:url\" content=\"https:\/\/limpo-ks.com\/en\/product\/zbardhues-2\/\" \/>\n<meta property=\"og:site_name\" content=\"Limpo\" \/>\n<meta property=\"article:modified_time\" content=\"2025-11-13T18:24:16+00:00\" \/>\n<meta property=\"og:image\" content=\"https:\/\/limpo-ks.com\/wp-content\/uploads\/2024\/06\/camasir-suyu-843x1024.png\" \/>\n\t<meta property=\"og:image:width\" content=\"843\" \/>\n\t<meta property=\"og:image:height\" content=\"1024\" \/>\n\t<meta property=\"og:image:type\" content=\"image\/png\" \/>\n<meta name=\"twitter:card\" content=\"summary_large_image\" \/>\n<meta name=\"twitter:label1\" content=\"Est. reading time\" \/>\n\t<meta name=\"twitter:data1\" content=\"2 minutes\" \/>\n<script type=\"application\/ld+json\" class=\"yoast-schema-graph\">{\"@context\":\"https:\/\/schema.org\",\"@graph\":[{\"@type\":\"WebPage\",\"@id\":\"https:\/\/limpo-ks.com\/en\/product\/zbardhues-2\/\",\"url\":\"https:\/\/limpo-ks.com\/en\/product\/zbardhues-2\/\",\"name\":\"BLEACH - Limpo\",\"isPartOf\":{\"@id\":\"https:\/\/limpo-ks.com\/en\/#website\"},\"primaryImageOfPage\":{\"@id\":\"https:\/\/limpo-ks.com\/en\/product\/zbardhues-2\/#primaryimage\"},\"image\":{\"@id\":\"https:\/\/limpo-ks.com\/en\/product\/zbardhues-2\/#primaryimage\"},\"thumbnailUrl\":\"https:\/\/limpo-ks.com\/wp-content\/uploads\/2024\/06\/camasir-suyu.png\",\"datePublished\":\"2024-06-04T08:32:04+00:00\",\"dateModified\":\"2025-11-13T18:24:16+00:00\",\"breadcrumb\":{\"@id\":\"https:\/\/limpo-ks.com\/en\/product\/zbardhues-2\/#breadcrumb\"},\"inLanguage\":\"en-US\",\"potentialAction\":[{\"@type\":\"ReadAction\",\"target\":[\"https:\/\/limpo-ks.com\/en\/product\/zbardhues-2\/\"]}]},{\"@type\":\"ImageObject\",\"inLanguage\":\"en-US\",\"@id\":\"https:\/\/limpo-ks.com\/en\/product\/zbardhues-2\/#primaryimage\",\"url\":\"https:\/\/limpo-ks.com\/wp-content\/uploads\/2024\/06\/camasir-suyu.png\",\"contentUrl\":\"https:\/\/limpo-ks.com\/wp-content\/uploads\/2024\/06\/camasir-suyu.png\",\"width\":1516,\"height\":1842},{\"@type\":\"BreadcrumbList\",\"@id\":\"https:\/\/limpo-ks.com\/en\/product\/zbardhues-2\/#breadcrumb\",\"itemListElement\":[{\"@type\":\"ListItem\",\"position\":1,\"name\":\"Shop\",\"item\":\"https:\/\/limpo-ks.com\/en\/shop\/\"},{\"@type\":\"ListItem\",\"position\":2,\"name\":\"BLEACH\"}]},{\"@type\":\"WebSite\",\"@id\":\"https:\/\/limpo-ks.com\/en\/#website\",\"url\":\"https:\/\/limpo-ks.com\/en\/\",\"name\":\"Limpo\",\"description\":\"\",\"potentialAction\":[{\"@type\":\"SearchAction\",\"target\":{\"@type\":\"EntryPoint\",\"urlTemplate\":\"https:\/\/limpo-ks.com\/en\/?s={search_term_string}\"},\"query-input\":{\"@type\":\"PropertyValueSpecification\",\"valueRequired\":true,\"valueName\":\"search_term_string\"}}],\"inLanguage\":\"en-US\"}]}<\/script>\n<!-- \/ Yoast SEO plugin. -->","yoast_head_json":{"title":"BLEACH - Limpo","robots":{"index":"index","follow":"follow","max-snippet":"max-snippet:-1","max-image-preview":"max-image-preview:large","max-video-preview":"max-video-preview:-1"},"canonical":"https:\/\/limpo-ks.com\/en\/product\/zbardhues-2\/","og_locale":"en_US","og_type":"article","og_title":"BLEACH - Limpo","og_description":"P\u00ebrdorimi: Aplikoni n\u00eb sip\u00ebrfaqe q\u00eb t\u00eb vrisni mikroorganizmat\/bakteriet. Pritni p\u00ebr 5 minuta. P\u00ebrb\u00ebrja efektive parandalon mbeturinat dhe ndotjet n\u00eb sip\u00ebrfaqe, duke siguruar nj\u00eb pastrim t\u00eb shk\u00eblqyesh\u00ebm. Aplikoni n\u00eb lavaman, banjo dhe tualet pasi t\u00eb keni pritur p\u00ebr 5 minuta, pastaj pastroni me nj\u00eb fur\u00e7\u00eb. Mund t\u00eb p\u00ebrdoret gjithashtu p\u00ebr t\u00eb zb\u00ebrthyer rrudhat dhe vjollcat nga [&hellip;]","og_url":"https:\/\/limpo-ks.com\/en\/product\/zbardhues-2\/","og_site_name":"Limpo","article_modified_time":"2025-11-13T18:24:16+00:00","og_image":[{"width":843,"height":1024,"url":"https:\/\/limpo-ks.com\/wp-content\/uploads\/2024\/06\/camasir-suyu-843x1024.png","type":"image\/png"}],"twitter_card":"summary_large_image","twitter_misc":{"Est. reading time":"2 minutes"},"schema":{"@context":"https:\/\/schema.org","@graph":[{"@type":"WebPage","@id":"https:\/\/limpo-ks.com\/en\/product\/zbardhues-2\/","url":"https:\/\/limpo-ks.com\/en\/product\/zbardhues-2\/","name":"BLEACH - Limpo","isPartOf":{"@id":"https:\/\/limpo-ks.com\/en\/#website"},"primaryImageOfPage":{"@id":"https:\/\/limpo-ks.com\/en\/product\/zbardhues-2\/#primaryimage"},"image":{"@id":"https:\/\/limpo-ks.com\/en\/product\/zbardhues-2\/#primaryimage"},"thumbnailUrl":"https:\/\/limpo-ks.com\/wp-content\/uploads\/2024\/06\/camasir-suyu.png","datePublished":"2024-06-04T08:32:04+00:00","dateModified":"2025-11-13T18:24:16+00:00","breadcrumb":{"@id":"https:\/\/limpo-ks.com\/en\/product\/zbardhues-2\/#breadcrumb"},"inLanguage":"en-US","potentialAction":[{"@type":"ReadAction","target":["https:\/\/limpo-ks.com\/en\/product\/zbardhues-2\/"]}]},{"@type":"ImageObject","inLanguage":"en-US","@id":"https:\/\/limpo-ks.com\/en\/product\/zbardhues-2\/#primaryimage","url":"https:\/\/limpo-ks.com\/wp-content\/uploads\/2024\/06\/camasir-suyu.png","contentUrl":"https:\/\/limpo-ks.com\/wp-content\/uploads\/2024\/06\/camasir-suyu.png","width":1516,"height":1842},{"@type":"BreadcrumbList","@id":"https:\/\/limpo-ks.com\/en\/product\/zbardhues-2\/#breadcrumb","itemListElement":[{"@type":"ListItem","position":1,"name":"Shop","item":"https:\/\/limpo-ks.com\/en\/shop\/"},{"@type":"ListItem","position":2,"name":"BLEACH"}]},{"@type":"WebSite","@id":"https:\/\/limpo-ks.com\/en\/#website","url":"https:\/\/limpo-ks.com\/en\/","name":"Limpo","description":"","potentialAction":[{"@type":"SearchAction","target":{"@type":"EntryPoint","urlTemplate":"https:\/\/limpo-ks.com\/en\/?s={search_term_string}"},"query-input":{"@type":"PropertyValueSpecification","valueRequired":true,"valueName":"search_term_string"}}],"inLanguage":"en-US"}]}},"_links":{"self":[{"href":"https:\/\/limpo-ks.com\/en\/wp-json\/wp\/v2\/product\/5344","targetHints":{"allow":["GET"]}}],"collection":[{"href":"https:\/\/limpo-ks.com\/en\/wp-json\/wp\/v2\/product"}],"about":[{"href":"https:\/\/limpo-ks.com\/en\/wp-json\/wp\/v2\/types\/product"}],"wp:featuredmedia":[{"embeddable":true,"href":"https:\/\/limpo-ks.com\/en\/wp-json\/wp\/v2\/media\/4369"}],"wp:attachment":[{"href":"https:\/\/limpo-ks.com\/en\/wp-json\/wp\/v2\/media?parent=5344"}],"wp:term":[{"taxonomy":"product_cat","embeddable":true,"href":"https:\/\/limpo-ks.com\/en\/wp-json\/wp\/v2\/product_cat?post=5344"},{"taxonomy":"product_tag","embeddable":true,"href":"https:\/\/limpo-ks.com\/en\/wp-json\/wp\/v2\/product_tag?post=5344"}],"curies":[{"name":"wp","href":"https:\/\/api.w.org\/{rel}","templated":true}]}}